{"id":3778,"date":"2022-04-28T18:33:10","date_gmt":"2022-04-28T16:33:10","guid":{"rendered":"https:\/\/ricq.ch\/?page_id=3778"},"modified":"2022-11-10T18:06:07","modified_gmt":"2022-11-10T17:06:07","slug":"privacy-policy","status":"publish","type":"page","link":"https:\/\/ricq.ch\/de\/privacy-policy\/","title":{"rendered":"Privacy policy"},"content":{"rendered":"[et_pb_section fb_built=\u00a0\u00bb1&Prime; _builder_version=\u00a0\u00bb4.17.3&Prime; _module_preset=\u00a0\u00bbdefault\u00a0\u00bb background_color=\u00a0\u00bb#FFFFFF\u00a0\u00bb custom_margin=\u00a0\u00bb0px||0px||false|false\u00a0\u00bb custom_padding=\u00a0\u00bb0px||0px||false|false\u00a0\u00bb global_colors_info=\u00a0\u00bb{}\u00a0\u00bb][et_pb_row admin_label=\u00a0\u00bbFond menu\u00a0\u00bb _builder_version=\u00a0\u00bb4.17.3&Prime; _module_preset=\u00a0\u00bbdefault\u00a0\u00bb width=\u00a0\u00bb100%\u00a0\u00bb max_width=\u00a0\u00bb100%\u00a0\u00bb custom_margin=\u00a0\u00bb0px|0px|0px|0px|false|false\u00a0\u00bb custom_padding=\u00a0\u00bb0px|0px|0px|0px|false|false\u00a0\u00bb global_colors_info=\u00a0\u00bb{}\u00a0\u00bb][et_pb_column type=\u00a0\u00bb4_4&Prime; _builder_version=\u00a0\u00bb4.17.3&Prime; _module_preset=\u00a0\u00bbdefault\u00a0\u00bb global_colors_info=\u00a0\u00bb{}\u00a0\u00bb][et_pb_text admin_label=\u00a0\u00bbPav\u00e9 de couleur\u00a0\u00bb _builder_version=\u00a0\u00bb4.17.3&Prime; _module_preset=\u00a0\u00bbdefault\u00a0\u00bb background_color=\u00a0\u00bb#000000&Prime; width=\u00a0\u00bb100%\u00a0\u00bb max_width=\u00a0\u00bb100%\u00a0\u00bb height=\u00a0\u00bb140px\u00a0\u00bb global_colors_info=\u00a0\u00bb{}\u00a0\u00bb][\/et_pb_text][\/et_pb_column][\/et_pb_row][\/et_pb_section][et_pb_section fb_built=\u00a0\u00bb1&Prime; admin_label=\u00a0\u00bbsection\u00a0\u00bb _builder_version=\u00a0\u00bb4.16&Prime; global_colors_info=\u00a0\u00bb{}\u00a0\u00bb][et_pb_row admin_label=\u00a0\u00bbrow\u00a0\u00bb _builder_version=\u00a0\u00bb4.16&Prime; background_size=\u00a0\u00bbinitial\u00a0\u00bb background_position=\u00a0\u00bbtop_left\u00a0\u00bb background_repeat=\u00a0\u00bbrepeat\u00a0\u00bb global_colors_info=\u00a0\u00bb{}\u00a0\u00bb][et_pb_column type=\u00a0\u00bb4_4&Prime; _builder_version=\u00a0\u00bb4.16&Prime; custom_padding=\u00a0\u00bb|||\u00a0\u00bb global_colors_info=\u00a0\u00bb{}\u00a0\u00bb custom_padding__hover=\u00a0\u00bb|||\u00a0\u00bb][et_pb_text admin_label=\u00a0\u00bbText\u00a0\u00bb _builder_version=\u00a0\u00bb4.16&Prime; background_size=\u00a0\u00bbinitial\u00a0\u00bb background_position=\u00a0\u00bbtop_left\u00a0\u00bb background_repeat=\u00a0\u00bbrepeat\u00a0\u00bb global_colors_info=\u00a0\u00bb{}\u00a0\u00bb]<h2 class=\"wp-block-heading\">Wer sind wir?<\/h2><p><strong class=\"privacy-policy-tutorial\">Vorgeschlagener Text : <\/strong>Die Adresse unserer Website ist: https:\/\/ricq.ch.<\/p><h2 class=\"wp-block-heading\">Kommentare<\/h2><p><strong class=\"privacy-policy-tutorial\">Vorgeschlagener Text : <\/strong>Wenn Sie einen Kommentar auf unserer Website hinterlassen, werden die in das Kommentarformular eingetragenen Daten sowie Ihre IP-Adresse und der User Agent Ihres Browsers gesammelt, um uns bei der Erkennung unerw\u00fcnschter Kommentare zu helfen.<\/p><p>Eine aus Ihrer E-Mail-Adresse erstellte anonymisierte Zeichenfolge (auch Hash genannt) kann an den Gravatar-Dienst gesendet werden, um zu \u00fcberpr\u00fcfen, ob Sie den Dienst nutzen. Die Datenschutzbestimmungen des Gravatar-Dienstes finden Sie hier: https:\/\/automattic.com\/privacy\/. Nachdem Sie Ihren Kommentar freigeschaltet haben, wird Ihr Profilbild neben Ihrem Kommentar \u00f6ffentlich sichtbar sein.<\/p><h2 class=\"wp-block-heading\">Medien<\/h2><p><strong class=\"privacy-policy-tutorial\">Vorgeschlagener Text : <\/strong>Wenn Sie Bilder auf die Website hochladen, empfehlen wir Ihnen, keine Bilder hochzuladen, die EXIF-Daten von GPS-Koordinaten enthalten. Personen, die Ihre Website besuchen, k\u00f6nnen aus diesen Bildern Standortdaten herunterladen und extrahieren.<\/p><h2 class=\"wp-block-heading\">Cookies<\/h2><p><strong class=\"privacy-policy-tutorial\">Vorgeschlagener Text : <\/strong>Wenn Sie einen Kommentar auf unserer Website abgeben, wird Ihnen angeboten, Ihren Namen, Ihre E-Mail-Adresse und Ihre Website in Cookies zu speichern. Dies dient lediglich Ihrer Bequemlichkeit, damit Sie diese Informationen nicht eingeben m\u00fcssen, wenn Sie sp\u00e4ter einen weiteren Kommentar abgeben. Diese Cookies laufen nach einem Jahr ab.<\/p><p>Wenn Sie die Anmeldeseite aufrufen, wird ein tempor\u00e4res Cookie erstellt, um festzustellen, ob Ihr Browser Cookies akzeptiert. Es enth\u00e4lt keine personenbezogenen Daten und wird automatisch gel\u00f6scht, wenn Sie Ihren Browser schlie\u00dfen.<\/p><p>Wenn Sie sich anmelden, setzen wir eine Reihe von Cookies, um Ihre Anmeldeinformationen und Bildschirmeinstellungen zu speichern. Die Lebensdauer eines Anmelde-Cookies betr\u00e4gt zwei Tage, die eines Cookies f\u00fcr die Bildschirmeinstellungen ein Jahr. Wenn Sie \"An mich erinnern\" ankreuzen, wird Ihr Anmelde-Cookie zwei Wochen lang gespeichert. Wenn Sie sich von Ihrem Konto abmelden, wird das Anmelde-Cookie gel\u00f6scht.<\/p><p>Wenn Sie einen Beitrag bearbeiten oder ver\u00f6ffentlichen, wird ein zus\u00e4tzliches Cookie in Ihrem Browser gespeichert. Dieses Cookie enth\u00e4lt keine pers\u00f6nlichen Daten. Es zeigt lediglich die ID des Beitrags an, den Sie gerade bearbeitet haben. Es l\u00e4uft nach einem Tag ab.<\/p><h2 class=\"wp-block-heading\">Von anderen Seiten eingebettete Inhalte<\/h2><p><strong class=\"privacy-policy-tutorial\">Vorgeschlagener Text : <\/strong>Die Artikel auf dieser Website k\u00f6nnen eingebettete Inhalte enthalten (z. B. Videos, Bilder, Artikel ...). Von anderen Websites eingebettete Inhalte verhalten sich genauso, als w\u00fcrde der Besucher diese andere Website besuchen.<\/p><p>Diese Websites k\u00f6nnten Daten \u00fcber Sie sammeln, Cookies verwenden, Tracking-Tools von Drittanbietern einbetten und Ihre Interaktionen mit diesen eingebetteten Inhalten verfolgen, wenn Sie ein angemeldetes Konto auf ihrer Website haben.<\/p><h2 class=\"wp-block-heading\">Verwendung und Weitergabe Ihrer pers\u00f6nlichen Daten<\/h2><p><strong class=\"privacy-policy-tutorial\">Vorgeschlagener Text : <\/strong>Wenn du ein Zur\u00fccksetzen deines Passworts anforderst, wird deine IP-Adresse in der E-Mail zum Zur\u00fccksetzen enthalten sein.<\/p><h2 class=\"wp-block-heading\">Speicherfristen f\u00fcr Ihre Daten<\/h2><p><strong class=\"privacy-policy-tutorial\">Vorgeschlagener Text : <\/strong>Wenn Sie einen Kommentar hinterlassen, werden der Kommentar und seine Metadaten auf unbestimmte Zeit gespeichert. Dadurch werden nachfolgende Kommentare automatisch erkannt und genehmigt, anstatt sie in der Moderationswarteschlange zu belassen.<\/p><p>F\u00fcr Konten, die sich auf unserer Website registrieren (falls zutreffend), speichern wir auch die in ihrem Profil angegebenen pers\u00f6nlichen Daten. Alle Konten k\u00f6nnen ihre pers\u00f6nlichen Daten jederzeit einsehen, \u00e4ndern oder l\u00f6schen (mit Ausnahme ihres Benutzernamens). Auch die Verwalter der Website k\u00f6nnen diese Informationen einsehen und \u00e4ndern.<\/p><h2 class=\"wp-block-heading\">Die Rechte, die Sie \u00fcber Ihre Daten haben<\/h2><p><strong class=\"privacy-policy-tutorial\">Vorgeschlagener Text : <\/strong>Wenn Sie ein Benutzerkonto haben oder Kommentare auf der Website hinterlassen haben, k\u00f6nnen Sie eine Datei anfordern, die alle personenbezogenen Daten enth\u00e4lt, die wir \u00fcber Sie gespeichert haben, einschlie\u00dflich der Daten, die Sie uns zur Verf\u00fcgung gestellt haben. Sie k\u00f6nnen auch verlangen, dass die personenbezogenen Daten \u00fcber Sie gel\u00f6scht werden. Dies gilt nicht f\u00fcr Daten, die zu administrativen, rechtlichen oder Sicherheitszwecken gespeichert werden.<\/p><h2 class=\"wp-block-heading\">\u00dcbermittlung Ihrer pers\u00f6nlichen Daten<\/h2><p><strong class=\"privacy-policy-tutorial\">Vorgeschlagener Text : <\/strong>Die Kommentare von Besuchern k\u00f6nnen mithilfe eines automatisierten Dienstes zur Erkennung unerw\u00fcnschter Kommentare \u00fcberpr\u00fcft werden.<\/p>[\/et_pb_text][\/et_pb_column][\/et_pb_row][\/et_pb_section]","protected":false},"excerpt":{"rendered":"<p>Qui sommes-nous\u00a0?Texte sugg\u00e9r\u00e9\u00a0: L\u2019adresse de notre site est\u00a0: https:\/\/ricq.ch.CommentairesTexte sugg\u00e9r\u00e9\u00a0: Quand vous laissez un commentaire sur notre site, les donn\u00e9es inscrites dans le formulaire de commentaire, ainsi que votre adresse IP et l\u2019agent utilisateur de votre navigateur sont collect\u00e9s pour nous aider \u00e0 la d\u00e9tection des commentaires ind\u00e9sirables.Une cha\u00eene anonymis\u00e9e cr\u00e9\u00e9e \u00e0 partir de votre [&hellip;]<\/p>","protected":false},"author":2,"featured_media":0,"parent":0,"menu_order":0,"comment_status":"closed","ping_status":"closed","template":"","meta":{"_acf_changed":false,"_et_pb_use_builder":"on","_et_pb_old_content":"","_et_gb_content_width":"","footnotes":""},"class_list":["post-3778","page","type-page","status-publish","hentry"],"acf":[],"_links":{"self":[{"href":"https:\/\/ricq.ch\/de\/wp-json\/wp\/v2\/pages\/3778","targetHints":{"allow":["GET"]}}],"collection":[{"href":"https:\/\/ricq.ch\/de\/wp-json\/wp\/v2\/pages"}],"about":[{"href":"https:\/\/ricq.ch\/de\/wp-json\/wp\/v2\/types\/page"}],"author":[{"embeddable":true,"href":"https:\/\/ricq.ch\/de\/wp-json\/wp\/v2\/users\/2"}],"replies":[{"embeddable":true,"href":"https:\/\/ricq.ch\/de\/wp-json\/wp\/v2\/comments?post=3778"}],"version-history":[{"count":2,"href":"https:\/\/ricq.ch\/de\/wp-json\/wp\/v2\/pages\/3778\/revisions"}],"predecessor-version":[{"id":3780,"href":"https:\/\/ricq.ch\/de\/wp-json\/wp\/v2\/pages\/3778\/revisions\/3780"}],"wp:attachment":[{"href":"https:\/\/ricq.ch\/de\/wp-json\/wp\/v2\/media?parent=3778"}],"curies":[{"name":"wp","href":"https:\/\/api.w.org\/{rel}","templated":true}]}}