{"id":1418,"date":"2022-07-14T11:49:54","date_gmt":"2022-07-14T09:49:54","guid":{"rendered":"https:\/\/ricq.ch\/?page_id=1418"},"modified":"2024-11-05T16:22:03","modified_gmt":"2024-11-05T15:22:03","slug":"nos-realisations-darchitecture-en-suisse-romande-ricq-architectes","status":"publish","type":"page","link":"https:\/\/ricq.ch\/de\/nos-realisations-darchitecture-en-suisse-romande-ricq-architectes\/","title":{"rendered":"Unsere Architekturrealisierungen in der Westschweiz | Projets Ricq Architectes"},"content":{"rendered":"<p>[et_pb_section fb_built= \"1\u2033 _builder_version= \"4.17.3\u2033 _module_preset= \"default \" background_color= \"#FFFF \" custom_margin= \"0px||0px||false|false \" custom_padding= \"0px||0px||false|false \" global_colors_info= \"{} \"][et_pb_row admin_label= \"Hintergrundmen\u00fc \" _builder_version= \"4.17.3\u2033 _module_preset= \"default \" width= \"100% \" max_width= \"100% \" custom_margin= \"0px|0px|0px|0px|false|false \" custom_padding= \"0px|0px|0px|0px|false|false \" global_colors_info= \"{} \"][et_pb_column type= \"4_4\u2033 _builder_version= \"4.17.3\u2033 _module_preset= \"default \" global_colors_info= \"{} \"][et_pb_text admin_label= \"Farbblock\" _builder_version= \"4.17.3\u2033 _module_preset= \"default\" background_color= \"#000000\u2033 width= \"100%\" max_width= \"100%\" height= \"140px\" global_colors_info= \"{} \"][\/et_pb_text][\/et_pb_column][\/et_pb_row][et_pb_row admin_label= \"Titel der Seite \" _builder_version= \"4.17.3\u2033 _module_preset= \"default \" custom_margin= \"100px||||false|false \" global_colors_info= \"{} \"][et_pb_column type= \"4_4\u2033 _builder_version= \"4.17.3\u2033 _module_preset= \"default \" global_colors_info= \"{} \"][et_pb_text admin_label= \"Unsere Leistungen \" _builder_version= \"4.17.3\u2033 _module_preset= \"default \" global_colors_info= \"{} \"]<\/p>\n<h1 class=\"projettitre capital colorc\">Unsere Errungenschaften<\/h1>\n<p>[\/et_pb_text][et_pb_text admin_label=\u00a0\u00bbChapeau de texte\u00a0\u00bb _builder_version=\u00a0\u00bb4.17.3&Prime; _module_preset=\u00a0\u00bbdefault\u00a0\u00bb width_tablet=\u00a0\u00bb\u00a0\u00bb width_phone=\u00a0\u00bb\u00a0\u00bb width_last_edited=\u00a0\u00bbon|phone\u00a0\u00bb max_width=\u00a0\u00bb500px\u00a0\u00bb custom_margin=\u00a0\u00bb|||0px|false|false\u00a0\u00bb custom_margin_tablet=\u00a0\u00bb|||0px|false|false\u00a0\u00bb custom_margin_phone=\u00a0\u00bb|||0px|false|false\u00a0\u00bb custom_margin_last_edited=\u00a0\u00bbon|phone\u00a0\u00bb custom_padding=\u00a0\u00bb|||0px|false|false\u00a0\u00bb text_orientation_tablet=\u00a0\u00bb\u00a0\u00bb text_orientation_phone=\u00a0\u00bbleft\u00a0\u00bb text_orientation_last_edited=\u00a0\u00bbon|phone\u00a0\u00bb module_alignment_tablet=\u00a0\u00bb\u00a0\u00bb module_alignment_phone=\u00a0\u00bbleft\u00a0\u00bb module_alignment_last_edited=\u00a0\u00bbon|phone\u00a0\u00bb global_colors_info=\u00a0\u00bb{}\u00a0\u00bb]<\/p>\n<p class=\"diapotitre colorc\" style=\"text-align: left;\">In diesem Abschnitt finden Sie alle unsere Projekte in der Schweiz und anderswo.<\/p>\n<p>[\/et_pb_text][\/et_pb_column][\/et_pb_row][et_pb_row _builder_version=\u00a0\u00bb4.17.3&Prime; _module_preset=\u00a0\u00bbdefault\u00a0\u00bb custom_padding=\u00a0\u00bb||200px||false|false\u00a0\u00bb global_colors_info=\u00a0\u00bb{}\u00a0\u00bb][et_pb_column type=\u00a0\u00bb4_4&Prime; _builder_version=\u00a0\u00bb4.17.3&Prime; _module_preset=\u00a0\u00bbdefault\u00a0\u00bb global_colors_info=\u00a0\u00bb{}\u00a0\u00bb][dpdfg_filtergrid include_categories=\u00a0\u00bb121&Prime; post_number=\u00a0\u00bb30&Prime; thumbnail_size=\u00a0\u00bb400&#215;250&Prime; use_overlay=\u00a0\u00bboff\u00a0\u00bb show_title=\u00a0\u00bboff\u00a0\u00bb show_post_meta=\u00a0\u00bboff\u00a0\u00bb show_custom_fields=\u00a0\u00bbon\u00a0\u00bb custom_fields=\u00a0\u00bb%91{%22name%22:%22titre_du_projet%22,%22label%22:%22%22},{%22name%22:%22ville_du_projet%22,%22label%22:%22%22}%93&Prime; show_filters=\u00a0\u00bboff\u00a0\u00bb items_width=\u00a0\u00bb29%\u00a0\u00bb column_gutter=\u00a0\u00bb5.5%\u00a0\u00bb items_width_tablet=\u00a0\u00bb100%\u00a0\u00bb items_width_phone=\u00a0\u00bb\u00a0\u00bb items_width_last_edited=\u00a0\u00bbon|tablet\u00a0\u00bb column_gutter_last_edited=\u00a0\u00bboff|desktop\u00a0\u00bb module_id=\u00a0\u00bbprojets\u00a0\u00bb _builder_version=\u00a0\u00bb4.25.2&Prime; _module_preset=\u00a0\u00bbdefault\u00a0\u00bb dpdfg_entry_cf_value_font=\u00a0\u00bb|300||on|||||\u00a0\u00bb dpdfg_entry_cf_value_text_color=\u00a0\u00bb#000000&Prime; dpdfg_entry_cf_value_font_size=\u00a0\u00bb15px\u00a0\u00bb custom_css_dp-dfg-item=\u00a0\u00bbpadding:0;\u00a0\u00bb custom_css_entry-cf=\u00a0\u00bbpadding-bottom:0;\u00a0\u00bb border_width_all=\u00a0\u00bb0px\u00a0\u00bb global_colors_info=\u00a0\u00bb{}\u00a0\u00bb][\/dpdfg_filtergrid][\/et_pb_column][\/et_pb_row][\/et_pb_section]<\/p>","protected":false},"excerpt":{"rendered":"<p>Retrouvez dans cette section l\u2019ensemble de nos projets. D\u00e9couvrez le d\u00e9tail de nos r\u00e9alisations d&rsquo;architecture en Suisse romande.<\/p>","protected":false},"author":2,"featured_media":1064,"parent":0,"menu_order":0,"comment_status":"closed","ping_status":"closed","template":"","meta":{"_acf_changed":false,"_et_pb_use_builder":"on","_et_pb_old_content":"[et_pb_section fb_built=\"1\" _builder_version=\"4.17.3\" _module_preset=\"default\" background_color=\"#FFFFFF\" custom_margin=\"0px||0px||false|false\" custom_padding=\"0px||0px||false|false\" global_colors_info=\"{}\"][et_pb_row admin_label=\"Fond menu\" _builder_version=\"4.17.3\" _module_preset=\"default\" width=\"100%\" max_width=\"100%\" custom_margin=\"0px|0px|0px|0px|false|false\" custom_padding=\"0px|0px|0px|0px|false|false\" global_colors_info=\"{}\"][et_pb_column type=\"4_4\" _builder_version=\"4.17.3\" _module_preset=\"default\" global_colors_info=\"{}\"][et_pb_text admin_label=\"Pav\u00e9 de couleur\" _builder_version=\"4.17.3\" _module_preset=\"default\" background_color=\"#000000\" width=\"100%\" max_width=\"100%\" height=\"140px\" global_colors_info=\"{}\"][\/et_pb_text][\/et_pb_column][\/et_pb_row][et_pb_row admin_label=\"Titre de la page\" _builder_version=\"4.17.3\" _module_preset=\"default\" custom_margin=\"100px||||false|false\" global_colors_info=\"{}\"][et_pb_column type=\"4_4\" _builder_version=\"4.17.3\" _module_preset=\"default\" global_colors_info=\"{}\"][et_pb_text admin_label=\"Nos r\u00e9alisations\" _builder_version=\"4.17.3\" _module_preset=\"default\" global_colors_info=\"{}\"]<h1 class=\"projettitre capital colorc\">Nos r\u00e9alisations<\/h1>[\/et_pb_text][et_pb_text admin_label=\"Chapeau de texte\" _builder_version=\"4.17.3\" _module_preset=\"default\" width=\"500px\" text_orientation_tablet=\"\" text_orientation_phone=\"left\" text_orientation_last_edited=\"on|phone\" global_colors_info=\"{}\"]<p class=\"diapotitre colorc\" style=\"text-align: left;\">Retrouvez dans cette section l\u2019ensemble de nos projets construits et livr\u00e9s en Suisse.<\/p>[\/et_pb_text][\/et_pb_column][\/et_pb_row][et_pb_row _builder_version=\"4.17.3\" _module_preset=\"default\" custom_padding=\"||200px||false|false\" global_colors_info=\"{}\"][et_pb_column type=\"4_4\" _builder_version=\"4.17.3\" _module_preset=\"default\" global_colors_info=\"{}\"][dpdfg_filtergrid include_categories=\"8,12,61,59,112\" post_number=\"30\" thumbnail_size=\"400x250\" use_overlay=\"off\" show_title=\"off\" show_post_meta=\"off\" show_custom_fields=\"on\" custom_fields=\"%91{%22name%22:%22titre_du_projet%22,%22label%22:%22%22},{%22name%22:%22ville_du_projet%22,%22label%22:%22%22}%93\" show_filters=\"off\" items_width=\"29%\" column_gutter=\"5.5%\" items_width_tablet=\"100%\" items_width_phone=\"\" items_width_last_edited=\"on|tablet\" column_gutter_last_edited=\"off|desktop\" module_id=\"projets\" _builder_version=\"4.17.3\" _module_preset=\"default\" dpdfg_entry_cf_value_font=\"|300||on|||||\" dpdfg_entry_cf_value_text_color=\"#000000\" dpdfg_entry_cf_value_font_size=\"15px\" hover_enabled=\"0\" custom_css_dp-dfg-item=\"padding:0;\" custom_css_entry-cf=\"padding-bottom:0;\" border_width_all=\"0px\" global_colors_info=\"{}\" sticky_enabled=\"0\"][\/dpdfg_filtergrid][\/et_pb_column][\/et_pb_row][\/et_pb_section]","_et_gb_content_width":"","footnotes":""},"class_list":["post-1418","page","type-page","status-publish","has-post-thumbnail","hentry"],"acf":[],"_links":{"self":[{"href":"https:\/\/ricq.ch\/de\/wp-json\/wp\/v2\/pages\/1418","targetHints":{"allow":["GET"]}}],"collection":[{"href":"https:\/\/ricq.ch\/de\/wp-json\/wp\/v2\/pages"}],"about":[{"href":"https:\/\/ricq.ch\/de\/wp-json\/wp\/v2\/types\/page"}],"author":[{"embeddable":true,"href":"https:\/\/ricq.ch\/de\/wp-json\/wp\/v2\/users\/2"}],"replies":[{"embeddable":true,"href":"https:\/\/ricq.ch\/de\/wp-json\/wp\/v2\/comments?post=1418"}],"version-history":[{"count":10,"href":"https:\/\/ricq.ch\/de\/wp-json\/wp\/v2\/pages\/1418\/revisions"}],"predecessor-version":[{"id":4484,"href":"https:\/\/ricq.ch\/de\/wp-json\/wp\/v2\/pages\/1418\/revisions\/4484"}],"wp:featuredmedia":[{"embeddable":true,"href":"https:\/\/ricq.ch\/de\/wp-json\/wp\/v2\/media\/1064"}],"wp:attachment":[{"href":"https:\/\/ricq.ch\/de\/wp-json\/wp\/v2\/media?parent=1418"}],"curies":[{"name":"wp","href":"https:\/\/api.w.org\/{rel}","templated":true}]}}